{"id":5442,"date":"2021-05-12T19:24:20","date_gmt":"2021-05-12T17:24:20","guid":{"rendered":"https:\/\/www.mkranch.com\/program\/"},"modified":"2024-12-02T22:37:07","modified_gmt":"2024-12-02T21:37:07","slug":"program","status":"publish","type":"page","link":"https:\/\/www.mkranch.com\/it\/program\/","title":{"rendered":"Programma"},"content":{"rendered":"<p>[vc_row css=&#8221;.vc_custom_1620155463470{padding-top: 32px !important;}&#8221;][vc_column][vc_empty_space height=&#8221;42px&#8221;][\/vc_column][\/vc_row][vc_row][vc_column][vc_column_text css=&#8221;.vc_custom_1620934403613{padding-right: 15px !important;padding-bottom: 30px !important;padding-left: 15px !important;}&#8221;]<strong>TERAPIA E RIABILITAZIONE<\/strong><\/p>\n<ul>\n<li>offriamo gratuitamente l\u2019ippoterapia<\/li>\n<li>da Marted\u00ec a Venerd\u00ec, previo appuntamento due volte a settimana<\/li>\n<li>accordi con un terapeuta sulla quantit\u00e0 e modo di frequentazione<\/li>\n<\/ul>\n<p><strong>SCUOLA DI EQUITAZIONE<\/strong><\/p>\n<ul>\n<li>Corsi base &#8211; per monta \u201camericana\u201d di formazione individuale verso un pi\u00f9 alto livello di monta<\/li>\n<li>Barrel racing &#8211; con una ben consolidata padronanza della monta \u201cWestern\u201d se si desidera si pu\u00f2 transitare ad un livello pi\u00f9 elevato<\/li>\n<li>Reining<\/li>\n<\/ul>\n<p><strong>ADDESTRAMENTO E DOMA DEI CAVALLI<\/strong><\/p>\n<ul>\n<li>a seconda della richiesta del proprietario si addestrano cavalli ad uso semplicemente per la monta western-riding style, reining &amp; Barell racing<\/li>\n<\/ul>\n<p><strong>BARELL RACING<\/strong><\/p>\n<ul>\n<li>disciplina americana in cui il cavaliere con l\u2019animale offre prova di abilit\u00e0 e velocit\u00e0 nella corsa che si effettua a tempo su un percorso costituito da tre barili messi a triangolo<\/li>\n<\/ul>\n<p><strong>REINING<\/strong><\/p>\n<ul>\n<li>disciplina western che deriva da uno stile di giuda europea. Il cavallo deve eseguire una serie di movimenti che richiedono equilibrio e di solito si effettua in velocit\u00e0. La qualit\u00e0 dei tre passi &#8211; passo, trotto e il galoppo sono importanti. Movimenti includono l&#8217;esecuzione di spin, una versione modificata di galoppo, rallentamenti, un roll-back e, alla fine della performance, spettacolari \u201csliding stop\u201d<\/li>\n<\/ul>\n<p><strong>TREKKING<\/strong><\/p>\n<ul>\n<li>passeggiate nella natura accompagnate da una guida esperta<\/li>\n<\/ul>\n<p><strong>CONCORSO<\/strong><\/p>\n<ul>\n<li>halter show<\/li>\n<li>reining<\/li>\n<li>barell racing<\/li>\n<li>gare all\u2019interno del maneggio<\/li>\n<\/ul>\n<p>[\/vc_column_text][\/vc_column][\/vc_row][vc_row][vc_column][vc_empty_space][\/vc_column][\/vc_row][vc_row row_type=&#8221;full&#8221;][vc_column][vc_gmaps link=&#8221;#E-8_JTNDaWZyYW1lJTIwc3JjJTNEJTIyaHR0cHMlM0ElMkYlMkZ3d3cuZ29vZ2xlLmNvbSUyRm1hcHMlMkZlbWJlZCUzRnBiJTNEJTIxMW0xOCUyMTFtMTIlMjExbTMlMjExZDIyOTk4LjE0MzA0Mzc1ODk0JTIxMmQxNS41MTcwNTcxOTk1ODI2NTIlMjEzZDQzLjkwMjA3Mzk5ODY4ODE4JTIxMm0zJTIxMWYwJTIxMmYwJTIxM2YwJTIxM20yJTIxMWkxMDI0JTIxMmk3NjglMjE0ZjEzLjElMjEzbTMlMjExbTIlMjExczB4MCUyNTNBMHgwJTIxMnpORFBDc0RVMEp6QTNMalVpVGlBeE5jS3dNekluTURRdU5DSkYlMjE1ZTAlMjEzbTIlMjExc2VuJTIxMnNociUyMTR2MTYyMDgyOTI5ODgwMSUyMTVtMiUyMTFzZW4lMjEyc2hyJTIyJTIwd2lkdGglM0QlMjI2MDAlMjIlMjBoZWlnaHQlM0QlMjI0NTAlMjIlMjBzdHlsZSUzRCUyMmJvcmRlciUzQTAlM0IlMjIlMjBhbGxvd2Z1bGxzY3JlZW4lM0QlMjIlMjIlMjBsb2FkaW5nJTNEJTIybGF6eSUyMiUzRSUzQyUyRmlmcmFtZSUzRQ==&#8221; size=&#8221;400&#8243;][\/vc_column][\/vc_row][vc_row css=&#8221;.vc_custom_1620151051802{padding-top: 50px !important;padding-bottom: 50px !important;}&#8221;][vc_column width=&#8221;1\/3&#8243;][horseclub_icon_text_left textnoborder_left=&#8221;noborder&#8221; firstline_left=&#8221;LOCALIZZAZIONE&#8221; icon_text_left=&#8221;fa-location-arrow&#8221;]Parco Naturale di Lago di Vrana<br \/>\n23211 Pako\u0161tane, Croazia[\/horseclub_icon_text_left][\/vc_column][vc_column width=&#8221;1\/3&#8243;][horseclub_icon_text_left textnoborder_left=&#8221;noborder&#8221; firstline_left=&#8221;TELEFONO&#8221; icon_text_left=&#8221;fa-phone&#8221;]<span style=\"color: #5f6263;\"><a style=\"color: #5f6263;\" href=\"tel:+38591298250\">+385 (0)91 298 25 01<\/a><\/span>[\/horseclub_icon_text_left][\/vc_column][vc_column width=&#8221;1\/3&#8243;][horseclub_icon_text_left textnoborder_left=&#8221;noborder&#8221; firstline_left=&#8221;EMAIL&#8221; icon_text_left=&#8221;fa-envelope-o&#8221;]<span style=\"color: #5f6263;\"><a style=\"color: #5f6263;\" href=\"mailto:mkranch@mkranch.com\">mkranch@mkranch.com<\/a><\/span>[\/horseclub_icon_text_left][\/vc_column][\/vc_row]<\/p>\n","protected":false},"excerpt":{"rendered":"<p>[vc_row css=&#8221;.vc_custom_1620155463470{padding-top: 32px !important;}&#8221;][vc_column][vc_empty_space height=&#8221;42px&#8221;][\/vc_column][\/vc_row][vc_row][vc_column][vc_column_text css=&#8221;.vc_custom_1620934403613{padding-right: 15px !important;padding-bottom: 30px !important;padding-left: 15px !important;}&#8221;]TERAPIA E RIABILITAZIONE offriamo gratuitamente l\u2019ippoterapia da Marted\u00ec a Venerd\u00ec, previo appuntamento due volte a settimana accordi con un terapeuta sulla quantit\u00e0 e modo di frequentazione SCUOLA DI EQUITAZIONE Corsi base &#8211; per monta \u201camericana\u201d di formazione individuale verso un pi\u00f9 alto livello di monta Barrel racing &#8211; con una ben consolidata padronanza della monta \u201cWestern\u201d se si desidera si pu\u00f2 transitare ad un livello pi\u00f9 elevato Reining ADDESTRAMENTO E DOMA DEI CAVALLI a seconda della richiesta del proprietario si addestrano cavalli ad uso semplicemente per la monta western-riding &hellip; <a href=\"https:\/\/www.mkranch.com\/it\/program\/\">Continued<\/a><\/p>\n","protected":false},"author":1,"featured_media":0,"parent":0,"menu_order":0,"comment_status":"closed","ping_status":"closed","template":"page-fullwidth.php","meta":[],"yoast_head":"<!-- This site is optimized with the Yoast SEO plugin v16.2 - https:\/\/yoast.com\/wordpress\/plugins\/seo\/ -->\n<title>Programma - MK Ranch<\/title>\n<meta name=\"robots\" content=\"index, follow, max-snippet:-1, max-image-preview:large, max-video-preview:-1\" \/>\n<link rel=\"canonical\" href=\"https:\/\/www.mkranch.com\/it\/program\/\" \/>\n<meta property=\"og:locale\" content=\"it_IT\" \/>\n<meta property=\"og:type\" content=\"article\" \/>\n<meta property=\"og:title\" content=\"Programma - MK Ranch\" \/>\n<meta property=\"og:description\" content=\"[vc_row css=&#8221;.vc_custom_1620155463470{padding-top: 32px !important;}&#8221;][vc_column][vc_empty_space height=&#8221;42px&#8221;][\/vc_column][\/vc_row][vc_row][vc_column][vc_column_text css=&#8221;.vc_custom_1620934403613{padding-right: 15px !important;padding-bottom: 30px !important;padding-left: 15px !important;}&#8221;]TERAPIA E RIABILITAZIONE offriamo gratuitamente l\u2019ippoterapia da Marted\u00ec a Venerd\u00ec, previo appuntamento due volte a settimana accordi con un terapeuta sulla quantit\u00e0 e modo di frequentazione SCUOLA DI EQUITAZIONE Corsi base &#8211; per monta \u201camericana\u201d di formazione individuale verso un pi\u00f9 alto livello di monta Barrel racing &#8211; con una ben consolidata padronanza della monta \u201cWestern\u201d se si desidera si pu\u00f2 transitare ad un livello pi\u00f9 elevato Reining ADDESTRAMENTO E DOMA DEI CAVALLI a seconda della richiesta del proprietario si addestrano cavalli ad uso semplicemente per la monta western-riding &hellip; Continued\" \/>\n<meta property=\"og:url\" content=\"https:\/\/www.mkranch.com\/it\/program\/\" \/>\n<meta property=\"og:site_name\" content=\"MK Ranch\" \/>\n<meta property=\"article:modified_time\" content=\"2024-12-02T21:37:07+00:00\" \/>\n<meta name=\"twitter:card\" content=\"summary_large_image\" \/>\n<meta name=\"twitter:label1\" content=\"Est. reading time\">\n\t<meta name=\"twitter:data1\" content=\"2 minuti\">\n<script type=\"application\/ld+json\" class=\"yoast-schema-graph\">{\"@context\":\"https:\/\/schema.org\",\"@graph\":[{\"@type\":\"Organization\",\"@id\":\"https:\/\/www.mkranch.com\/#organization\",\"name\":\"MK Ranch\",\"url\":\"https:\/\/www.mkranch.com\/\",\"sameAs\":[],\"logo\":{\"@type\":\"ImageObject\",\"@id\":\"https:\/\/www.mkranch.com\/#logo\",\"inLanguage\":\"it-IT\",\"url\":\"https:\/\/www.mkranch.com\/wp-content\/uploads\/logo.png\",\"contentUrl\":\"https:\/\/www.mkranch.com\/wp-content\/uploads\/logo.png\",\"width\":227,\"height\":175,\"caption\":\"MK Ranch\"},\"image\":{\"@id\":\"https:\/\/www.mkranch.com\/#logo\"}},{\"@type\":\"WebSite\",\"@id\":\"https:\/\/www.mkranch.com\/#website\",\"url\":\"https:\/\/www.mkranch.com\/\",\"name\":\"MK Ranch\",\"description\":\"Performance Horses\",\"publisher\":{\"@id\":\"https:\/\/www.mkranch.com\/#organization\"},\"potentialAction\":[{\"@type\":\"SearchAction\",\"target\":\"https:\/\/www.mkranch.com\/?s={search_term_string}\",\"query-input\":\"required name=search_term_string\"}],\"inLanguage\":\"it-IT\"},{\"@type\":\"WebPage\",\"@id\":\"https:\/\/www.mkranch.com\/it\/program\/#webpage\",\"url\":\"https:\/\/www.mkranch.com\/it\/program\/\",\"name\":\"Programma - MK Ranch\",\"isPartOf\":{\"@id\":\"https:\/\/www.mkranch.com\/#website\"},\"datePublished\":\"2021-05-12T17:24:20+00:00\",\"dateModified\":\"2024-12-02T21:37:07+00:00\",\"breadcrumb\":{\"@id\":\"https:\/\/www.mkranch.com\/it\/program\/#breadcrumb\"},\"inLanguage\":\"it-IT\",\"potentialAction\":[{\"@type\":\"ReadAction\",\"target\":[\"https:\/\/www.mkranch.com\/it\/program\/\"]}]},{\"@type\":\"BreadcrumbList\",\"@id\":\"https:\/\/www.mkranch.com\/it\/program\/#breadcrumb\",\"itemListElement\":[{\"@type\":\"ListItem\",\"position\":1,\"item\":{\"@type\":\"WebPage\",\"@id\":\"https:\/\/www.mkranch.com\/it\/\",\"url\":\"https:\/\/www.mkranch.com\/it\/\",\"name\":\"Home\"}},{\"@type\":\"ListItem\",\"position\":2,\"item\":{\"@id\":\"https:\/\/www.mkranch.com\/it\/program\/#webpage\"}}]}]}<\/script>\n<!-- \/ Yoast SEO plugin. -->","_links":{"self":[{"href":"https:\/\/www.mkranch.com\/it\/wp-json\/wp\/v2\/pages\/5442"}],"collection":[{"href":"https:\/\/www.mkranch.com\/it\/wp-json\/wp\/v2\/pages"}],"about":[{"href":"https:\/\/www.mkranch.com\/it\/wp-json\/wp\/v2\/types\/page"}],"author":[{"embeddable":true,"href":"https:\/\/www.mkranch.com\/it\/wp-json\/wp\/v2\/users\/1"}],"replies":[{"embeddable":true,"href":"https:\/\/www.mkranch.com\/it\/wp-json\/wp\/v2\/comments?post=5442"}],"version-history":[{"count":0,"href":"https:\/\/www.mkranch.com\/it\/wp-json\/wp\/v2\/pages\/5442\/revisions"}],"wp:attachment":[{"href":"https:\/\/www.mkranch.com\/it\/wp-json\/wp\/v2\/media?parent=5442"}],"curies":[{"name":"wp","href":"https:\/\/api.w.org\/{rel}","templated":true}]}}