{"id":5441,"date":"2021-05-12T19:24:20","date_gmt":"2021-05-12T17:24:20","guid":{"rendered":"https:\/\/www.mkranch.com\/program\/"},"modified":"2024-12-02T22:35:17","modified_gmt":"2024-12-02T21:35:17","slug":"program","status":"publish","type":"page","link":"https:\/\/www.mkranch.com\/hr\/program\/","title":{"rendered":"Program"},"content":{"rendered":"<p>[vc_row css=&#8221;.vc_custom_1620155463470{padding-top: 32px !important;}&#8221;][vc_column][vc_empty_space height=&#8221;42px&#8221;][\/vc_column][\/vc_row][vc_row][vc_column][vc_column_text css=&#8221;.vc_custom_1620933197796{padding-right: 15px !important;padding-bottom: 30px !important;padding-left: 15px !important;}&#8221;]<strong>TERAPIJA I REHABILITACIJA<\/strong><\/p>\n<ul>\n<li>nudimo besplatno terapijsko jahanje<\/li>\n<li>od utorka do petka, termini po dogovoru, dva puta tjedno<\/li>\n<li>va\u017eno je obaviti razgovor sa terapeutom o na\u010dinu i koli\u010dini jahanja<\/li>\n<\/ul>\n<p><strong>\u0160KOLA JAHANJA<\/strong><\/p>\n<ul>\n<li>Osnovna \u0161kola &#8211; svladavanje osnovnih koraka western \u0161kole do osposobljavanja samostalnog baratanja konjem i prelaska na vi\u0161i stupanj jahanja<\/li>\n<li>Barell racing &#8211; sa dobro utvr\u0111enim osnovama western \u0161kole nudimo prelazak na vi\u0161i stupanj po \u017eelji i sposobnosti jaha\u010d<\/li>\n<li>Reining &#8211; vidi barell<\/li>\n<\/ul>\n<p><strong>TRENING I UJAHIVANJE KONJA<\/strong><\/p>\n<ul>\n<li>po \u017eelji vlasnika (konj za reining, barell ili samo sa osnovama western stila jahanja)<\/li>\n<\/ul>\n<p><strong>BARELL RACING<\/strong><\/p>\n<ul>\n<li>western disciplina u kojoj se konj i jaha\u010d dokazuju u testiranju spretnosti i brzine u utrci protiv sata koji se ra\u010duna u sekundama okolo 3 ba\u010dve postavljene u trokut<\/li>\n<\/ul>\n<p><strong>REINING<\/strong><\/p>\n<ul>\n<li>western disciplina koja se mjeri u rangu dresurnog stila jahanja europskih jaha\u010da. Konj mora izvesti seriju pokreta koji zahtijevaju ravnote\u017eu i obi\u010dno se izvode u punoj brzini. Kvaliteta tri koraka &#8211; hod, kas i kenter su tako\u0111er va\u017eni. Pokreti uklju\u010duju izvo\u0111enje spin-a, promjene galopa, ralenti-a, roll-back-a i na kraju izvo\u0111enje spektakularnog sliding stop-a<\/li>\n<\/ul>\n<p><strong>TERENSKO JAHANJE<\/strong><\/p>\n<ul>\n<li>jahanje po prirodi u pratnji instruktora i prvobitne organizacije<\/li>\n<\/ul>\n<p><strong>NATJECANJA<\/strong><\/p>\n<ul>\n<li>halter show (morfologija)<\/li>\n<li>reining<\/li>\n<li>barell racing<\/li>\n<li>para natjecanja u krugu rancha<\/li>\n<\/ul>\n<p>[\/vc_column_text][\/vc_column][\/vc_row][vc_row][vc_column][vc_empty_space][\/vc_column][\/vc_row][vc_row row_type=&#8221;full&#8221;][vc_column][vc_gmaps link=&#8221;#E-8_JTNDaWZyYW1lJTIwc3JjJTNEJTIyaHR0cHMlM0ElMkYlMkZ3d3cuZ29vZ2xlLmNvbSUyRm1hcHMlMkZlbWJlZCUzRnBiJTNEJTIxMW0xOCUyMTFtMTIlMjExbTMlMjExZDIyOTk4LjE0MzA0Mzc1ODk0JTIxMmQxNS41MTcwNTcxOTk1ODI2NTIlMjEzZDQzLjkwMjA3Mzk5ODY4ODE4JTIxMm0zJTIxMWYwJTIxMmYwJTIxM2YwJTIxM20yJTIxMWkxMDI0JTIxMmk3NjglMjE0ZjEzLjElMjEzbTMlMjExbTIlMjExczB4MCUyNTNBMHgwJTIxMnpORFBDc0RVMEp6QTNMalVpVGlBeE5jS3dNekluTURRdU5DSkYlMjE1ZTAlMjEzbTIlMjExc2VuJTIxMnNociUyMTR2MTYyMDgyOTI5ODgwMSUyMTVtMiUyMTFzZW4lMjEyc2hyJTIyJTIwd2lkdGglM0QlMjI2MDAlMjIlMjBoZWlnaHQlM0QlMjI0NTAlMjIlMjBzdHlsZSUzRCUyMmJvcmRlciUzQTAlM0IlMjIlMjBhbGxvd2Z1bGxzY3JlZW4lM0QlMjIlMjIlMjBsb2FkaW5nJTNEJTIybGF6eSUyMiUzRSUzQyUyRmlmcmFtZSUzRQ==&#8221; size=&#8221;400&#8243;][\/vc_column][\/vc_row][vc_row css=&#8221;.vc_custom_1620151051802{padding-top: 50px !important;padding-bottom: 50px !important;}&#8221;][vc_column width=&#8221;1\/3&#8243;][horseclub_icon_text_left textnoborder_left=&#8221;noborder&#8221; firstline_left=&#8221;LOKACIJA&#8221; icon_text_left=&#8221;fa-location-arrow&#8221;]Park prirode Vransko jezero<br \/>\n23211 Pako\u0161tane, Hrvatska[\/horseclub_icon_text_left][\/vc_column][vc_column width=&#8221;1\/3&#8243;][horseclub_icon_text_left textnoborder_left=&#8221;noborder&#8221; firstline_left=&#8221;TELEFON&#8221; icon_text_left=&#8221;fa-phone&#8221;]<span style=\"color: #5f6263;\"><a style=\"color: #5f6263;\" href=\"tel:+38591298250\">+385 (0)91 298 25 01<\/a><\/span>[\/horseclub_icon_text_left][\/vc_column][vc_column width=&#8221;1\/3&#8243;][horseclub_icon_text_left textnoborder_left=&#8221;noborder&#8221; firstline_left=&#8221;EMAIL&#8221; icon_text_left=&#8221;fa-envelope-o&#8221;]<span style=\"color: #5f6263;\"><a style=\"color: #5f6263;\" href=\"mailto:mkranch@mkranch.com\">mkranch@mkranch.com<\/a><\/span>[\/horseclub_icon_text_left][\/vc_column][\/vc_row]<\/p>\n","protected":false},"excerpt":{"rendered":"<p>[vc_row css=&#8221;.vc_custom_1620155463470{padding-top: 32px !important;}&#8221;][vc_column][vc_empty_space height=&#8221;42px&#8221;][\/vc_column][\/vc_row][vc_row][vc_column][vc_column_text css=&#8221;.vc_custom_1620933197796{padding-right: 15px !important;padding-bottom: 30px !important;padding-left: 15px !important;}&#8221;]TERAPIJA I REHABILITACIJA nudimo besplatno terapijsko jahanje od utorka do petka, termini po dogovoru, dva puta tjedno va\u017eno je obaviti razgovor sa terapeutom o na\u010dinu i koli\u010dini jahanja \u0160KOLA JAHANJA Osnovna \u0161kola &#8211; svladavanje osnovnih koraka western \u0161kole do osposobljavanja samostalnog baratanja konjem i prelaska na vi\u0161i stupanj jahanja Barell racing &#8211; sa dobro utvr\u0111enim osnovama western \u0161kole nudimo prelazak na vi\u0161i stupanj po \u017eelji i sposobnosti jaha\u010d Reining &#8211; vidi barell TRENING I UJAHIVANJE KONJA po \u017eelji vlasnika (konj za reining, barell ili samo sa osnovama western stila &hellip; <a href=\"https:\/\/www.mkranch.com\/hr\/program\/\">Continued<\/a><\/p>\n","protected":false},"author":1,"featured_media":0,"parent":0,"menu_order":0,"comment_status":"closed","ping_status":"closed","template":"page-fullwidth.php","meta":[],"yoast_head":"<!-- This site is optimized with the Yoast SEO plugin v16.2 - https:\/\/yoast.com\/wordpress\/plugins\/seo\/ -->\n<title>Program - MK Ranch<\/title>\n<meta name=\"robots\" content=\"index, follow, max-snippet:-1, max-image-preview:large, max-video-preview:-1\" \/>\n<link rel=\"canonical\" href=\"https:\/\/www.mkranch.com\/hr\/program\/\" \/>\n<meta property=\"og:locale\" content=\"hr_HR\" \/>\n<meta property=\"og:type\" content=\"article\" \/>\n<meta property=\"og:title\" content=\"Program - MK Ranch\" \/>\n<meta property=\"og:description\" content=\"[vc_row css=&#8221;.vc_custom_1620155463470{padding-top: 32px !important;}&#8221;][vc_column][vc_empty_space height=&#8221;42px&#8221;][\/vc_column][\/vc_row][vc_row][vc_column][vc_column_text css=&#8221;.vc_custom_1620933197796{padding-right: 15px !important;padding-bottom: 30px !important;padding-left: 15px !important;}&#8221;]TERAPIJA I REHABILITACIJA nudimo besplatno terapijsko jahanje od utorka do petka, termini po dogovoru, dva puta tjedno va\u017eno je obaviti razgovor sa terapeutom o na\u010dinu i koli\u010dini jahanja \u0160KOLA JAHANJA Osnovna \u0161kola &#8211; svladavanje osnovnih koraka western \u0161kole do osposobljavanja samostalnog baratanja konjem i prelaska na vi\u0161i stupanj jahanja Barell racing &#8211; sa dobro utvr\u0111enim osnovama western \u0161kole nudimo prelazak na vi\u0161i stupanj po \u017eelji i sposobnosti jaha\u010d Reining &#8211; vidi barell TRENING I UJAHIVANJE KONJA po \u017eelji vlasnika (konj za reining, barell ili samo sa osnovama western stila &hellip; Continued\" \/>\n<meta property=\"og:url\" content=\"https:\/\/www.mkranch.com\/hr\/program\/\" \/>\n<meta property=\"og:site_name\" content=\"MK Ranch\" \/>\n<meta property=\"article:modified_time\" content=\"2024-12-02T21:35:17+00:00\" \/>\n<meta name=\"twitter:card\" content=\"summary_large_image\" \/>\n<meta name=\"twitter:label1\" content=\"Est. reading time\">\n\t<meta name=\"twitter:data1\" content=\"2 minute\">\n<script type=\"application\/ld+json\" class=\"yoast-schema-graph\">{\"@context\":\"https:\/\/schema.org\",\"@graph\":[{\"@type\":\"Organization\",\"@id\":\"https:\/\/www.mkranch.com\/#organization\",\"name\":\"MK Ranch\",\"url\":\"https:\/\/www.mkranch.com\/\",\"sameAs\":[],\"logo\":{\"@type\":\"ImageObject\",\"@id\":\"https:\/\/www.mkranch.com\/#logo\",\"inLanguage\":\"hr\",\"url\":\"https:\/\/www.mkranch.com\/wp-content\/uploads\/logo.png\",\"contentUrl\":\"https:\/\/www.mkranch.com\/wp-content\/uploads\/logo.png\",\"width\":227,\"height\":175,\"caption\":\"MK Ranch\"},\"image\":{\"@id\":\"https:\/\/www.mkranch.com\/#logo\"}},{\"@type\":\"WebSite\",\"@id\":\"https:\/\/www.mkranch.com\/#website\",\"url\":\"https:\/\/www.mkranch.com\/\",\"name\":\"MK Ranch\",\"description\":\"Performance Horses\",\"publisher\":{\"@id\":\"https:\/\/www.mkranch.com\/#organization\"},\"potentialAction\":[{\"@type\":\"SearchAction\",\"target\":\"https:\/\/www.mkranch.com\/?s={search_term_string}\",\"query-input\":\"required name=search_term_string\"}],\"inLanguage\":\"hr\"},{\"@type\":\"WebPage\",\"@id\":\"https:\/\/www.mkranch.com\/hr\/program\/#webpage\",\"url\":\"https:\/\/www.mkranch.com\/hr\/program\/\",\"name\":\"Program - MK Ranch\",\"isPartOf\":{\"@id\":\"https:\/\/www.mkranch.com\/#website\"},\"datePublished\":\"2021-05-12T17:24:20+00:00\",\"dateModified\":\"2024-12-02T21:35:17+00:00\",\"breadcrumb\":{\"@id\":\"https:\/\/www.mkranch.com\/hr\/program\/#breadcrumb\"},\"inLanguage\":\"hr\",\"potentialAction\":[{\"@type\":\"ReadAction\",\"target\":[\"https:\/\/www.mkranch.com\/hr\/program\/\"]}]},{\"@type\":\"BreadcrumbList\",\"@id\":\"https:\/\/www.mkranch.com\/hr\/program\/#breadcrumb\",\"itemListElement\":[{\"@type\":\"ListItem\",\"position\":1,\"item\":{\"@type\":\"WebPage\",\"@id\":\"https:\/\/www.mkranch.com\/hr\/\",\"url\":\"https:\/\/www.mkranch.com\/hr\/\",\"name\":\"Home\"}},{\"@type\":\"ListItem\",\"position\":2,\"item\":{\"@id\":\"https:\/\/www.mkranch.com\/hr\/program\/#webpage\"}}]}]}<\/script>\n<!-- \/ Yoast SEO plugin. -->","_links":{"self":[{"href":"https:\/\/www.mkranch.com\/hr\/wp-json\/wp\/v2\/pages\/5441"}],"collection":[{"href":"https:\/\/www.mkranch.com\/hr\/wp-json\/wp\/v2\/pages"}],"about":[{"href":"https:\/\/www.mkranch.com\/hr\/wp-json\/wp\/v2\/types\/page"}],"author":[{"embeddable":true,"href":"https:\/\/www.mkranch.com\/hr\/wp-json\/wp\/v2\/users\/1"}],"replies":[{"embeddable":true,"href":"https:\/\/www.mkranch.com\/hr\/wp-json\/wp\/v2\/comments?post=5441"}],"version-history":[{"count":0,"href":"https:\/\/www.mkranch.com\/hr\/wp-json\/wp\/v2\/pages\/5441\/revisions"}],"wp:attachment":[{"href":"https:\/\/www.mkranch.com\/hr\/wp-json\/wp\/v2\/media?parent=5441"}],"curies":[{"name":"wp","href":"https:\/\/api.w.org\/{rel}","templated":true}]}}